{"id":632,"date":"2015-04-21T15:00:33","date_gmt":"2015-04-21T14:00:33","guid":{"rendered":"http:\/\/www.marcedouardnabe.com\/?post_type=product&#038;p=632"},"modified":"2023-01-20T20:15:57","modified_gmt":"2023-01-20T19:15:57","slug":"patience","status":"publish","type":"product","link":"https:\/\/www.marcedouardnabe.com\/produit\/patience\/","title":{"rendered":"\u00ab\u00a0Patience 1\u00a0\u00bb"},"content":{"rendered":"<p><i>Patience<\/i> est n\u00e9e ! C&rsquo;est, apr\u00e8s les tracts, un nouveau concept d&rsquo;\u00e9criture : un \u00ab\u00a0magazine\u00a0\u00bb hors des circuits de la presse, mais tout en papier, en couleur et d&rsquo;un grand format. 80 pages sur l&rsquo;actualit\u00e9 saignante illustr\u00e9es de photos plein pot, et que Nabe sortira quand bon lui semblera, entre deux livres&#8230;<br \/>\nLe N\u00b0 1 est enti\u00e8rement consacr\u00e9 \u00e0 Daech sur lequel l&rsquo;auteur d&rsquo;<i>Une Lueur d&rsquo;espoir<\/i> a \u00e9crit un long texte intitul\u00e9 <i>Un Etat de gr\u00e2ce<\/i>. Tout est dit ; maintenant, il faut lire&#8230;<\/p>\n","protected":false},"excerpt":{"rendered":"<p>Patience est n\u00e9e ! C&rsquo;est, apr\u00e8s les tracts, un nouveau concept d&rsquo;\u00e9criture : un \u00ab\u00a0magazine\u00a0\u00bb hors des circuits de la presse, mais tout en papier, en couleur et d&rsquo;un grand format. 80 pages sur l&rsquo;actualit\u00e9 saignante illustr\u00e9es de photos plein pot, et que Nabe sortira quand bon lui semblera, entre deux livres&#8230; Le N\u00b0 1 [&hellip;]<\/p>\n","protected":false},"featured_media":4138,"comment_status":"closed","ping_status":"closed","template":"","meta":{"_acf_changed":false,"_et_pb_use_builder":"","_et_pb_old_content":"","_et_gb_content_width":""},"product_brand":[],"product_cat":[49],"product_tag":[],"class_list":{"0":"post-632","1":"product","2":"type-product","3":"status-publish","4":"has-post-thumbnail","6":"product_cat-magazine","7":"product_shipping_class-livraison-magazine","9":"first","10":"instock","11":"purchasable","12":"product-type-simple"},"acf":[],"_links":{"self":[{"href":"https:\/\/www.marcedouardnabe.com\/wp-json\/wp\/v2\/product\/632","targetHints":{"allow":["GET"]}}],"collection":[{"href":"https:\/\/www.marcedouardnabe.com\/wp-json\/wp\/v2\/product"}],"about":[{"href":"https:\/\/www.marcedouardnabe.com\/wp-json\/wp\/v2\/types\/product"}],"replies":[{"embeddable":true,"href":"https:\/\/www.marcedouardnabe.com\/wp-json\/wp\/v2\/comments?post=632"}],"wp:featuredmedia":[{"embeddable":true,"href":"https:\/\/www.marcedouardnabe.com\/wp-json\/wp\/v2\/media\/4138"}],"wp:attachment":[{"href":"https:\/\/www.marcedouardnabe.com\/wp-json\/wp\/v2\/media?parent=632"}],"wp:term":[{"taxonomy":"product_brand","embeddable":true,"href":"https:\/\/www.marcedouardnabe.com\/wp-json\/wp\/v2\/product_brand?post=632"},{"taxonomy":"product_cat","embeddable":true,"href":"https:\/\/www.marcedouardnabe.com\/wp-json\/wp\/v2\/product_cat?post=632"},{"taxonomy":"product_tag","embeddable":true,"href":"https:\/\/www.marcedouardnabe.com\/wp-json\/wp\/v2\/product_tag?post=632"}],"curies":[{"name":"wp","href":"https:\/\/api.w.org\/{rel}","templated":true}]}}